{"id":925,"date":"2026-02-05T11:18:58","date_gmt":"2026-02-05T14:18:58","guid":{"rendered":"https:\/\/boogarins.top\/?page_id=925"},"modified":"2026-04-28T15:05:45","modified_gmt":"2026-04-28T18:05:45","slug":"diferenciado","status":"publish","type":"page","link":"https:\/\/boogarins.top\/es\/diferenciado\/","title":{"rendered":"DIFERENCIADO vol.1"},"content":{"rendered":"\t\t<div data-elementor-type=\"wp-page\" data-elementor-id=\"925\" class=\"elementor elementor-925\" data-elementor-post-type=\"page\">\n\t\t\t\t<div class=\"elementor-element elementor-element-6ad967b locker-locked e-flex e-con-boxed e-con e-parent\" data-id=\"6ad967b\" data-element_type=\"container\" data-e-type=\"container\" data-settings=\"{&quot;background_background&quot;:&quot;classic&quot;}\">\n\t\t\t\t\t<div class=\"e-con-inner\">\n\t\t\t\t<div class=\"elementor-element elementor-element-5eb025f elementor-widget elementor-widget-image\" data-id=\"5eb025f\" data-element_type=\"widget\" data-e-type=\"widget\" data-widget_type=\"image.default\">\n\t\t\t\t<div class=\"elementor-widget-container\">\n\t\t\t\t\t\t\t\t\t\t\t\t\t\t\t<img fetchpriority=\"high\" decoding=\"async\" width=\"1183\" height=\"390\" src=\"https:\/\/boogarins.top\/wp-content\/uploads\/2026\/02\/boogarins_bacuri_icon_2.png\" class=\"attachment-full size-full wp-image-929\" alt=\"\" srcset=\"https:\/\/boogarins.top\/wp-content\/uploads\/2026\/02\/boogarins_bacuri_icon_2.png 1183w, https:\/\/boogarins.top\/wp-content\/uploads\/2026\/02\/boogarins_bacuri_icon_2-300x99.png 300w, https:\/\/boogarins.top\/wp-content\/uploads\/2026\/02\/boogarins_bacuri_icon_2-1024x338.png 1024w, https:\/\/boogarins.top\/wp-content\/uploads\/2026\/02\/boogarins_bacuri_icon_2-768x253.png 768w, https:\/\/boogarins.top\/wp-content\/uploads\/2026\/02\/boogarins_bacuri_icon_2-18x6.png 18w\" sizes=\"(max-width: 1183px) 100vw, 1183px\" \/>\t\t\t\t\t\t\t\t\t\t\t\t\t\t\t<\/div>\n\t\t\t\t<\/div>\n\t\t<div class=\"elementor-element elementor-element-9c06e2f e-con-full lock-container e-flex e-con e-child\" data-id=\"9c06e2f\" data-element_type=\"container\" data-e-type=\"container\" id=\"lock-container\">\n\t\t<div class=\"elementor-element elementor-element-27ba102 e-con-full e-flex e-con e-child\" data-id=\"27ba102\" data-element_type=\"container\" data-e-type=\"container\">\n\t\t\t\t<div class=\"elementor-element elementor-element-c7b357b elementor-widget elementor-widget-image\" data-id=\"c7b357b\" data-element_type=\"widget\" data-e-type=\"widget\" data-widget_type=\"image.default\">\n\t\t\t\t<div class=\"elementor-widget-container\">\n\t\t\t\t\t\t\t\t\t\t\t\t\t\t\t<img decoding=\"async\" width=\"1600\" height=\"1038\" src=\"https:\/\/boogarins.top\/wp-content\/uploads\/2026\/02\/DIFERENCIADO-VOL1.jpeg\" class=\"attachment-full size-full wp-image-928\" alt=\"\" srcset=\"https:\/\/boogarins.top\/wp-content\/uploads\/2026\/02\/DIFERENCIADO-VOL1.jpeg 1600w, https:\/\/boogarins.top\/wp-content\/uploads\/2026\/02\/DIFERENCIADO-VOL1-300x195.jpeg 300w, https:\/\/boogarins.top\/wp-content\/uploads\/2026\/02\/DIFERENCIADO-VOL1-1024x664.jpeg 1024w, https:\/\/boogarins.top\/wp-content\/uploads\/2026\/02\/DIFERENCIADO-VOL1-768x498.jpeg 768w, https:\/\/boogarins.top\/wp-content\/uploads\/2026\/02\/DIFERENCIADO-VOL1-1536x996.jpeg 1536w, https:\/\/boogarins.top\/wp-content\/uploads\/2026\/02\/DIFERENCIADO-VOL1-18x12.jpeg 18w\" sizes=\"(max-width: 1600px) 100vw, 1600px\" \/>\t\t\t\t\t\t\t\t\t\t\t\t\t\t\t<\/div>\n\t\t\t\t<\/div>\n\t\t\t\t<div class=\"elementor-element elementor-element-ec3e2e7 elementor-widget-mobile__width-initial elementor-widget elementor-widget-heading\" data-id=\"ec3e2e7\" data-element_type=\"widget\" data-e-type=\"widget\" data-widget_type=\"heading.default\">\n\t\t\t\t<div class=\"elementor-widget-container\">\n\t\t\t\t\t<h2 class=\"elementor-heading-title elementor-size-default\">DIFERENCIADO vol.1<\/h2>\t\t\t\t<\/div>\n\t\t\t\t<\/div>\n\t\t\t\t<div class=\"elementor-element elementor-element-936aa69 elementor-widget-mobile__width-initial elementor-widget elementor-widget-heading\" data-id=\"936aa69\" data-element_type=\"widget\" data-e-type=\"widget\" data-widget_type=\"heading.default\">\n\t\t\t\t<div class=\"elementor-widget-container\">\n\t\t\t\t\t<h2 class=\"elementor-heading-title elementor-size-default\">6 tracks, 21m 7s<\/h2>\t\t\t\t<\/div>\n\t\t\t\t<\/div>\n\t\t\t\t<\/div>\n\t\t\t\t<div class=\"elementor-element elementor-element-3b66389 elementor-widget-mobile__width-inherit elementor-widget elementor-widget-heading\" data-id=\"3b66389\" data-element_type=\"widget\" data-e-type=\"widget\" data-widget_type=\"heading.default\">\n\t\t\t\t<div class=\"elementor-widget-container\">\n\t\t\t\t\t<h2 class=\"elementor-heading-title elementor-size-default\">Inscreva-se para desbloquear<\/h2>\t\t\t\t<\/div>\n\t\t\t\t<\/div>\n\t\t\t\t<div class=\"elementor-element elementor-element-ca0c652 elementor-widget-mobile__width-inherit elementor-widget elementor-widget-heading\" data-id=\"ca0c652\" data-element_type=\"widget\" data-e-type=\"widget\" data-widget_type=\"heading.default\">\n\t\t\t\t<div class=\"elementor-widget-container\">\n\t\t\t\t\t<h2 class=\"elementor-heading-title elementor-size-default\">Receba novidades sobre shows e lan\u00e7amentos<\/h2>\t\t\t\t<\/div>\n\t\t\t\t<\/div>\n\t\t\t\t<div class=\"elementor-element elementor-element-1f948ed elementor-widget-tablet__width-initial elementor-widget__width-initial elementor-widget-mobile__width-inherit elementor-button-align-stretch elementor-widget elementor-widget-form\" data-id=\"1f948ed\" data-element_type=\"widget\" data-e-type=\"widget\" data-settings=\"{&quot;step_next_label&quot;:&quot;Next&quot;,&quot;step_previous_label&quot;:&quot;Previous&quot;,&quot;button_width&quot;:&quot;100&quot;,&quot;step_type&quot;:&quot;number_text&quot;,&quot;step_icon_shape&quot;:&quot;circle&quot;}\" data-widget_type=\"form.default\">\n\t\t\t\t<div class=\"elementor-widget-container\">\n\t\t\t\t\t\t\t<form class=\"elementor-form\" method=\"post\" name=\"diferenciado\" aria-label=\"diferenciado\">\n\t\t\t<input type=\"hidden\" name=\"post_id\" value=\"925\"\/>\n\t\t\t<input type=\"hidden\" name=\"form_id\" value=\"1f948ed\"\/>\n\t\t\t<input type=\"hidden\" name=\"referer_title\" value=\"DIFERENCIADO vol.1 - Boogarins\" \/>\n\n\t\t\t\t\t\t\t<input type=\"hidden\" name=\"queried_id\" value=\"925\"\/>\n\t\t\t\n\t\t\t<div class=\"elementor-form-fields-wrapper elementor-labels-\">\n\t\t\t\t\t\t\t\t<div class=\"elementor-field-type-text elementor-field-group elementor-column elementor-field-group-field_add6dee elementor-col-100 elementor-field-required\">\n\t\t\t\t\t\t\t\t\t\t\t\t<label for=\"form-field-field_add6dee\" class=\"elementor-field-label elementor-screen-only\">\n\t\t\t\t\t\t\t\tNome\t\t\t\t\t\t\t<\/label>\n\t\t\t\t\t\t\t\t\t\t\t\t\t\t<input size=\"1\" type=\"text\" name=\"form_fields[field_add6dee]\" id=\"form-field-field_add6dee\" class=\"elementor-field elementor-size-sm  elementor-field-textual\" placeholder=\"Seu nome\" required=\"required\">\n\t\t\t\t\t\t\t\t\t\t\t<\/div>\n\t\t\t\t\t\t\t\t<div class=\"elementor-field-type-email elementor-field-group elementor-column elementor-field-group-email elementor-col-100 elementor-field-required\">\n\t\t\t\t\t\t\t\t\t\t\t\t<label for=\"form-field-email\" class=\"elementor-field-label elementor-screen-only\">\n\t\t\t\t\t\t\t\tEmail\t\t\t\t\t\t\t<\/label>\n\t\t\t\t\t\t\t\t\t\t\t\t\t\t<input size=\"1\" type=\"email\" name=\"form_fields[email]\" id=\"form-field-email\" class=\"elementor-field elementor-size-sm  elementor-field-textual\" placeholder=\"Seu melhor e-mail\" required=\"required\">\n\t\t\t\t\t\t\t\t\t\t\t<\/div>\n\t\t\t\t\t\t\t\t<div class=\"elementor-field-type-acceptance elementor-field-group elementor-column elementor-field-group-field_8d652d5 elementor-col-100 elementor-field-required\">\n\t\t\t\t\t\t\t\t\t\t\t\t<label for=\"form-field-field_8d652d5\" class=\"elementor-field-label elementor-screen-only\">\n\t\t\t\t\t\t\t\tAceita\u00e7\u00e3o\t\t\t\t\t\t\t<\/label>\n\t\t\t\t\t\t\t\t<div class=\"elementor-field-subgroup\">\n\t\t\t<span class=\"elementor-field-option\">\n\t\t\t\t<input type=\"checkbox\" name=\"form_fields[field_8d652d5]\" id=\"form-field-field_8d652d5\" class=\"elementor-field elementor-size-sm  elementor-acceptance-field\" required=\"required\">\n\t\t\t\t<label for=\"form-field-field_8d652d5\">Eu aceito receber comunica\u00e7\u00f5es do Boogarins.<\/label>\t\t\t<\/span>\n\t\t<\/div>\n\t\t\t\t\t\t<\/div>\n\t\t\t\t\t\t\t\t<div class=\"elementor-field-group elementor-column elementor-field-type-submit elementor-col-100 e-form__buttons\">\n\t\t\t\t\t<button class=\"elementor-button elementor-size-sm\" type=\"submit\" id=\"botao-diferenciado\">\n\t\t\t\t\t\t<span class=\"elementor-button-content-wrapper\">\n\t\t\t\t\t\t\t\t\t\t\t\t\t\t\t\t\t\t\t\t\t\t<span class=\"elementor-button-text\">Desbloquear<\/span>\n\t\t\t\t\t\t\t\t\t\t\t\t\t<\/span>\n\t\t\t\t\t<\/button>\n\t\t\t\t<\/div>\n\t\t\t<\/div>\n\t\t<\/form>\n\t\t\t\t\t\t<\/div>\n\t\t\t\t<\/div>\n\t\t\t\t<div class=\"elementor-element elementor-element-8cf0d90 elementor-align-center elementor-widget__width-auto elementor-widget-mobile__width-inherit elementor-icon-list--layout-traditional elementor-list-item-link-full_width elementor-widget elementor-widget-icon-list\" data-id=\"8cf0d90\" data-element_type=\"widget\" data-e-type=\"widget\" data-widget_type=\"icon-list.default\">\n\t\t\t\t<div class=\"elementor-widget-container\">\n\t\t\t\t\t\t\t<ul class=\"elementor-icon-list-items\">\n\t\t\t\t\t\t\t<li class=\"elementor-icon-list-item\">\n\t\t\t\t\t\t\t\t\t\t\t<span class=\"elementor-icon-list-icon\">\n\t\t\t\t\t\t\t<svg aria-hidden=\"true\" class=\"e-font-icon-svg e-fas-lock\" viewBox=\"0 0 448 512\" xmlns=\"http:\/\/www.w3.org\/2000\/svg\"><path d=\"M400 224h-24v-72C376 68.2 307.8 0 224 0S72 68.2 72 152v72H48c-26.5 0-48 21.5-48 48v192c0 26.5 21.5 48 48 48h352c26.5 0 48-21.5 48-48V272c0-26.5-21.5-48-48-48zm-104 0H152v-72c0-39.7 32.3-72 72-72s72 32.3 72 72v72z\"><\/path><\/svg>\t\t\t\t\t\t<\/span>\n\t\t\t\t\t\t\t\t\t\t<span class=\"elementor-icon-list-text\">Sem spam. Suas informa\u00e7\u00f5es est\u00e3o seguras.<\/span>\n\t\t\t\t\t\t\t\t\t<\/li>\n\t\t\t\t\t\t<\/ul>\n\t\t\t\t\t\t<\/div>\n\t\t\t\t<\/div>\n\t\t\t\t<\/div>\n\t\t<div class=\"elementor-element elementor-element-297088c e-con-full unlock-container e-flex e-con e-child\" data-id=\"297088c\" data-element_type=\"container\" data-e-type=\"container\" id=\"unlock-container\">\n\t\t\t\t<div class=\"elementor-element elementor-element-cd107e4 elementor-widget elementor-widget-html\" data-id=\"cd107e4\" data-element_type=\"widget\" data-e-type=\"widget\" data-widget_type=\"html.default\">\n\t\t\t\t<div class=\"elementor-widget-container\">\n\t\t\t\t\t<!-- Mensagem -->\r\n<div class=\"unlock-message\">\r\n    <h3>Desbloqueado!<\/h3>\r\n    <p>Obrigado por se cadastrar!<\/p>\r\n<\/div>\r\n\r\n\r\n<div style=\"max-width: 900px; margin: 0 auto;\">\r\n  <iframe \r\n    src=\"https:\/\/samply.app\/embed\/aCwseBFmdC1KIzDthP6Z\"\r\n    width=\"100%\" \r\n    height=\"520\" \r\n    frameborder=\"0\"\r\n    style=\"border-radius: 12px;\">\r\n  <\/iframe>\r\n<\/div>\t\t\t\t<\/div>\n\t\t\t\t<\/div>\n\t\t\t\t<\/div>\n\t\t\t\t<div class=\"elementor-element elementor-element-36d9836 elementor-widget elementor-widget-html\" data-id=\"36d9836\" data-element_type=\"widget\" data-e-type=\"widget\" data-widget_type=\"html.default\">\n\t\t\t\t<div class=\"elementor-widget-container\">\n\t\t\t\t\t<style>\r\n#lock-container {\r\n    display: block;\r\n    opacity: 1;\r\n    transition: all 0.4s ease-out;\r\n}\r\n\r\n#lock-container.hidden {\r\n    display: none !important;\r\n    opacity: 0;\r\n}\r\n\r\n#unlock-container {\r\n    display: none;\r\n    opacity: 0;\r\n    transition: all 0.5s ease-in;\r\n}\r\n\r\n#unlock-container.show {\r\n    display: block !important;\r\n    opacity: 1;\r\n    animation: fadeInUp 0.6s ease-out;\r\n}\r\n\r\n.unlock-message {\r\n    text-align: center;\r\n    margin-bottom: 30px;\r\n    padding: 20px 0;\r\n}\r\n\r\n.unlock-message h3 {\r\n    margin: 0 0 10px 0;\r\n    font-size: 28px;\r\n    font-weight: 700;\r\n    color: #ffffff;\r\n    text-shadow: 0 2px 4px rgba(0,0,0,0.3);\r\n}\r\n\r\n.unlock-message p {\r\n    margin: 0;\r\n    font-size: 16px;\r\n    color: #ffffff;\r\n    opacity: 0.95;\r\n    text-shadow: 0 1px 3px rgba(0,0,0,0.3);\r\n}\r\n\r\n@keyframes fadeInUp {\r\n    from { \r\n        opacity: 0; \r\n        transform: translateY(20px); \r\n    }\r\n    to { \r\n        opacity: 1; \r\n        transform: translateY(0); \r\n    }\r\n}\r\n<\/style>\r\n\r\n<script>\r\njQuery(document).ready(function($) {\r\n    \r\n    $(document).on('submit_success', function(event, response) {\r\n        console.log('\u2705 EP Desbloqueado!');\r\n        \r\n        \/\/ Esconde LOCK\r\n        $('#lock-container').addClass('hidden');\r\n        \r\n        \/\/ Mostra UNLOCK\r\n        setTimeout(function() {\r\n            $('#unlock-container').addClass('show');\r\n        }, 300);\r\n        \r\n        \/\/ Scroll suave\r\n        setTimeout(function() {\r\n            $('html, body').animate({\r\n                scrollTop: $('#unlock-container').offset().top - 80\r\n            }, 800);\r\n        }, 500);\r\n        \r\n        \/\/ Persiste ap\u00f3s refresh\r\n        sessionStorage.setItem('epUnlocked', 'true');\r\n    });\r\n    \r\n    \/\/ Verifica se j\u00e1 desbloqueou\r\n    if (sessionStorage.getItem('epUnlocked') === 'true') {\r\n        $('#lock-container').addClass('hidden');\r\n        $('#unlock-container').addClass('show');\r\n    }\r\n    \r\n});\r\n<\/script>\r\n\t\t\t\t<\/div>\n\t\t\t\t<\/div>\n\t\t\t\t\t<\/div>\n\t\t\t\t<\/div>\n\t\t<div class=\"elementor-element elementor-element-a538f18 e-flex e-con-boxed e-con e-parent\" data-id=\"a538f18\" data-element_type=\"container\" data-e-type=\"container\" data-settings=\"{&quot;background_background&quot;:&quot;classic&quot;}\">\n\t\t\t\t\t<div class=\"e-con-inner\">\n\t\t\t\t<div class=\"elementor-element elementor-element-75a8a90 elementor-widget elementor-widget-heading\" data-id=\"75a8a90\" data-element_type=\"widget\" data-e-type=\"widget\" data-widget_type=\"heading.default\">\n\t\t\t\t<div class=\"elementor-widget-container\">\n\t\t\t\t\t<h2 class=\"elementor-heading-title elementor-size-default\">Booking<\/h2>\t\t\t\t<\/div>\n\t\t\t\t<\/div>\n\t\t\t\t<div class=\"elementor-element elementor-element-f22c3db elementor-widget elementor-widget-heading\" data-id=\"f22c3db\" data-element_type=\"widget\" data-e-type=\"widget\" data-widget_type=\"heading.default\">\n\t\t\t\t<div class=\"elementor-widget-container\">\n\t\t\t\t\t<h2 class=\"elementor-heading-title elementor-size-default\"><a href=\"mailto:contato@urbanjungle.com.br\">contato@urbanjungle.com.br<\/a><\/h2>\t\t\t\t<\/div>\n\t\t\t\t<\/div>\n\t\t\t\t\t<\/div>\n\t\t\t\t<\/div>\n\t\t<div class=\"elementor-element elementor-element-19696e7 e-flex e-con-boxed e-con e-parent\" data-id=\"19696e7\" data-element_type=\"container\" data-e-type=\"container\" data-settings=\"{&quot;background_background&quot;:&quot;classic&quot;}\">\n\t\t\t\t\t<div class=\"e-con-inner\">\n\t\t<div class=\"elementor-element elementor-element-3a60505 e-con-full e-flex e-con e-child\" data-id=\"3a60505\" data-element_type=\"container\" data-e-type=\"container\">\n\t\t<div class=\"elementor-element elementor-element-6040957 e-con-full e-flex e-con e-child\" data-id=\"6040957\" data-element_type=\"container\" data-e-type=\"container\">\n\t\t\t\t<div class=\"elementor-element elementor-element-62ef540 elementor-widget elementor-widget-heading\" data-id=\"62ef540\" data-element_type=\"widget\" data-e-type=\"widget\" data-widget_type=\"heading.default\">\n\t\t\t\t<div class=\"elementor-widget-container\">\n\t\t\t\t\t<h2 class=\"elementor-heading-title elementor-size-default\">Acompanhe nas Redes Sociais<\/h2>\t\t\t\t<\/div>\n\t\t\t\t<\/div>\n\t\t\t\t<div class=\"elementor-element elementor-element-22d4a84 elementor-shape-circle elementor-grid-tablet-0 e-grid-align-left e-grid-align-tablet-center elementor-grid-0 elementor-widget elementor-widget-social-icons\" data-id=\"22d4a84\" data-element_type=\"widget\" data-e-type=\"widget\" data-widget_type=\"social-icons.default\">\n\t\t\t\t<div class=\"elementor-widget-container\">\n\t\t\t\t\t\t\t<div class=\"elementor-social-icons-wrapper elementor-grid\" role=\"list\">\n\t\t\t\t\t\t\t<span class=\"elementor-grid-item\" role=\"listitem\">\n\t\t\t\t\t<a class=\"elementor-icon elementor-social-icon elementor-social-icon-instagram elementor-repeater-item-692e157\" href=\"https:\/\/www.instagram.com\/boogarins\/\" target=\"_blank\" rel=\"noopener\">\n\t\t\t\t\t\t<span class=\"elementor-screen-only\">Instagram<\/span>\n\t\t\t\t\t\t<svg aria-hidden=\"true\" class=\"e-font-icon-svg e-fab-instagram\" viewBox=\"0 0 448 512\" xmlns=\"http:\/\/www.w3.org\/2000\/svg\"><path d=\"M224.1 141c-63.6 0-114.9 51.3-114.9 114.9s51.3 114.9 114.9 114.9S339 319.5 339 255.9 287.7 141 224.1 141zm0 189.6c-41.1 0-74.7-33.5-74.7-74.7s33.5-74.7 74.7-74.7 74.7 33.5 74.7 74.7-33.6 74.7-74.7 74.7zm146.4-194.3c0 14.9-12 26.8-26.8 26.8-14.9 0-26.8-12-26.8-26.8s12-26.8 26.8-26.8 26.8 12 26.8 26.8zm76.1 27.2c-1.7-35.9-9.9-67.7-36.2-93.9-26.2-26.2-58-34.4-93.9-36.2-37-2.1-147.9-2.1-184.9 0-35.8 1.7-67.6 9.9-93.9 36.1s-34.4 58-36.2 93.9c-2.1 37-2.1 147.9 0 184.9 1.7 35.9 9.9 67.7 36.2 93.9s58 34.4 93.9 36.2c37 2.1 147.9 2.1 184.9 0 35.9-1.7 67.7-9.9 93.9-36.2 26.2-26.2 34.4-58 36.2-93.9 2.1-37 2.1-147.8 0-184.8zM398.8 388c-7.8 19.6-22.9 34.7-42.6 42.6-29.5 11.7-99.5 9-132.1 9s-102.7 2.6-132.1-9c-19.6-7.8-34.7-22.9-42.6-42.6-11.7-29.5-9-99.5-9-132.1s-2.6-102.7 9-132.1c7.8-19.6 22.9-34.7 42.6-42.6 29.5-11.7 99.5-9 132.1-9s102.7-2.6 132.1 9c19.6 7.8 34.7 22.9 42.6 42.6 11.7 29.5 9 99.5 9 132.1s2.7 102.7-9 132.1z\"><\/path><\/svg>\t\t\t\t\t<\/a>\n\t\t\t\t<\/span>\n\t\t\t\t\t\t\t<span class=\"elementor-grid-item\" role=\"listitem\">\n\t\t\t\t\t<a class=\"elementor-icon elementor-social-icon elementor-social-icon-facebook elementor-repeater-item-7b17649\" href=\"https:\/\/www.facebook.com\/boogarins\" target=\"_blank\" rel=\"noopener\">\n\t\t\t\t\t\t<span class=\"elementor-screen-only\">Facebook<\/span>\n\t\t\t\t\t\t<svg aria-hidden=\"true\" class=\"e-font-icon-svg e-fab-facebook\" viewBox=\"0 0 512 512\" xmlns=\"http:\/\/www.w3.org\/2000\/svg\"><path d=\"M504 256C504 119 393 8 256 8S8 119 8 256c0 123.78 90.69 226.38 209.25 245V327.69h-63V256h63v-54.64c0-62.15 37-96.48 93.67-96.48 27.14 0 55.52 4.84 55.52 4.84v61h-31.28c-30.8 0-40.41 19.12-40.41 38.73V256h68.78l-11 71.69h-57.78V501C413.31 482.38 504 379.78 504 256z\"><\/path><\/svg>\t\t\t\t\t<\/a>\n\t\t\t\t<\/span>\n\t\t\t\t\t\t\t<span class=\"elementor-grid-item\" role=\"listitem\">\n\t\t\t\t\t<a class=\"elementor-icon elementor-social-icon elementor-social-icon-twitter elementor-repeater-item-0b88a65\" href=\"https:\/\/twitter.com\/boogarins\" target=\"_blank\" rel=\"noopener\">\n\t\t\t\t\t\t<span class=\"elementor-screen-only\">Twitter<\/span>\n\t\t\t\t\t\t<svg aria-hidden=\"true\" class=\"e-font-icon-svg e-fab-twitter\" viewBox=\"0 0 512 512\" xmlns=\"http:\/\/www.w3.org\/2000\/svg\"><path d=\"M459.37 151.716c.325 4.548.325 9.097.325 13.645 0 138.72-105.583 298.558-298.558 298.558-59.452 0-114.68-17.219-161.137-47.106 8.447.974 16.568 1.299 25.34 1.299 49.055 0 94.213-16.568 130.274-44.832-46.132-.975-84.792-31.188-98.112-72.772 6.498.974 12.995 1.624 19.818 1.624 9.421 0 18.843-1.3 27.614-3.573-48.081-9.747-84.143-51.98-84.143-102.985v-1.299c13.969 7.797 30.214 12.67 47.431 13.319-28.264-18.843-46.781-51.005-46.781-87.391 0-19.492 5.197-37.36 14.294-52.954 51.655 63.675 129.3 105.258 216.365 109.807-1.624-7.797-2.599-15.918-2.599-24.04 0-57.828 46.782-104.934 104.934-104.934 30.213 0 57.502 12.67 76.67 33.137 23.715-4.548 46.456-13.32 66.599-25.34-7.798 24.366-24.366 44.833-46.132 57.827 21.117-2.273 41.584-8.122 60.426-16.243-14.292 20.791-32.161 39.308-52.628 54.253z\"><\/path><\/svg>\t\t\t\t\t<\/a>\n\t\t\t\t<\/span>\n\t\t\t\t\t\t\t<span class=\"elementor-grid-item\" role=\"listitem\">\n\t\t\t\t\t<a class=\"elementor-icon elementor-social-icon elementor-social-icon-youtube elementor-repeater-item-482ace5\" href=\"https:\/\/www.youtube.com\/boogarins\" target=\"_blank\" rel=\"noopener\">\n\t\t\t\t\t\t<span class=\"elementor-screen-only\">Youtube<\/span>\n\t\t\t\t\t\t<svg aria-hidden=\"true\" class=\"e-font-icon-svg e-fab-youtube\" viewBox=\"0 0 576 512\" xmlns=\"http:\/\/www.w3.org\/2000\/svg\"><path d=\"M549.655 124.083c-6.281-23.65-24.787-42.276-48.284-48.597C458.781 64 288 64 288 64S117.22 64 74.629 75.486c-23.497 6.322-42.003 24.947-48.284 48.597-11.412 42.867-11.412 132.305-11.412 132.305s0 89.438 11.412 132.305c6.281 23.65 24.787 41.5 48.284 47.821C117.22 448 288 448 288 448s170.78 0 213.371-11.486c23.497-6.321 42.003-24.171 48.284-47.821 11.412-42.867 11.412-132.305 11.412-132.305s0-89.438-11.412-132.305zm-317.51 213.508V175.185l142.739 81.205-142.739 81.201z\"><\/path><\/svg>\t\t\t\t\t<\/a>\n\t\t\t\t<\/span>\n\t\t\t\t\t<\/div>\n\t\t\t\t\t\t<\/div>\n\t\t\t\t<\/div>\n\t\t\t\t<\/div>\n\t\t\t\t<\/div>\n\t\t<div class=\"elementor-element elementor-element-38c9951 e-con-full e-flex e-con e-child\" data-id=\"38c9951\" data-element_type=\"container\" data-e-type=\"container\">\n\t\t\t\t<div class=\"elementor-element elementor-element-8aa5de1 elementor-widget elementor-widget-heading\" data-id=\"8aa5de1\" data-element_type=\"widget\" data-e-type=\"widget\" data-widget_type=\"heading.default\">\n\t\t\t\t<div class=\"elementor-widget-container\">\n\t\t\t\t\t<h2 class=\"elementor-heading-title elementor-size-default\">Pol\u00edtica de Privacidade<\/h2>\t\t\t\t<\/div>\n\t\t\t\t<\/div>\n\t\t\t\t<div class=\"elementor-element elementor-element-2a3aa23 elementor-widget-mobile__width-initial elementor-widget elementor-widget-heading\" data-id=\"2a3aa23\" data-element_type=\"widget\" data-e-type=\"widget\" data-widget_type=\"heading.default\">\n\t\t\t\t<div class=\"elementor-widget-container\">\n\t\t\t\t\t<h2 class=\"elementor-heading-title elementor-size-default\"><a href=\"https:\/\/mimi.art.br\/?utm_source=clientes&#038;utm_medium=boogarins\" target=\"_blank\" rel=\"noopener\">Boogarins - CNPJ: 24.069.520\/0001-19 \u00a9 2026. Todos os direitos reservados. Feito com \u2764 por Victor Miranda.<\/a><\/h2>\t\t\t\t<\/div>\n\t\t\t\t<\/div>\n\t\t\t\t<\/div>\n\t\t\t\t\t<\/div>\n\t\t\t\t<\/div>\n\t\t\t\t<\/div>\n\t\t","protected":false},"excerpt":{"rendered":"<p>DIFERENCIADO vol.1 6 tracks, 21m 7s Inscreva-se para desbloquear Receba novidades sobre shows e lan\u00e7amentos Sem spam. Suas informa\u00e7\u00f5es est\u00e3o seguras. Desbloqueado! Obrigado por se cadastrar! Booking contato@urbanjungle.com.br Acompanhe nas Redes Sociais Instagram Facebook Twitter Youtube Pol\u00edtica de Privacidade<\/p>","protected":false},"author":1,"featured_media":0,"parent":0,"menu_order":0,"comment_status":"closed","ping_status":"closed","template":"elementor_canvas","meta":{"footnotes":""},"class_list":["post-925","page","type-page","status-publish","hentry"],"_links":{"self":[{"href":"https:\/\/boogarins.top\/es\/wp-json\/wp\/v2\/pages\/925","targetHints":{"allow":["GET"]}}],"collection":[{"href":"https:\/\/boogarins.top\/es\/wp-json\/wp\/v2\/pages"}],"about":[{"href":"https:\/\/boogarins.top\/es\/wp-json\/wp\/v2\/types\/page"}],"author":[{"embeddable":true,"href":"https:\/\/boogarins.top\/es\/wp-json\/wp\/v2\/users\/1"}],"replies":[{"embeddable":true,"href":"https:\/\/boogarins.top\/es\/wp-json\/wp\/v2\/comments?post=925"}],"version-history":[{"count":58,"href":"https:\/\/boogarins.top\/es\/wp-json\/wp\/v2\/pages\/925\/revisions"}],"predecessor-version":[{"id":1063,"href":"https:\/\/boogarins.top\/es\/wp-json\/wp\/v2\/pages\/925\/revisions\/1063"}],"wp:attachment":[{"href":"https:\/\/boogarins.top\/es\/wp-json\/wp\/v2\/media?parent=925"}],"curies":[{"name":"wp","href":"https:\/\/api.w.org\/{rel}","templated":true}]}}